{"id":98,"date":"2023-04-25T18:34:13","date_gmt":"2023-04-25T18:34:13","guid":{"rendered":"https:\/\/changeyourreality.org\/?page_id=98"},"modified":"2024-12-06T15:52:45","modified_gmt":"2024-12-06T15:52:45","slug":"about-me","status":"publish","type":"page","link":"https:\/\/changeyourreality.org\/es\/about-me\/","title":{"rendered":"Un poco m\u00e1s sobre m\u00ed."},"content":{"rendered":"<div class=\"wp-block-group alignwide\"><div class=\"wp-block-group__inner-container is-layout-constrained wp-block-group-is-layout-constrained\">\n<div class=\"wp-block-columns is-layout-flex wp-container-core-columns-is-layout-9d6595d7 wp-block-columns-is-layout-flex\">\n<div class=\"wp-block-column is-layout-flow wp-block-column-is-layout-flow\" style=\"flex-basis:100%\">\n<div class=\"wp-block-group has-ast-global-color-5-background-color has-background\"><div class=\"wp-block-group__inner-container is-layout-constrained wp-block-group-is-layout-constrained\">\n<p class=\"has-ast-global-color-0-color has-text-color has-x-large-font-size\">| <mark>Mi historia<\/mark><\/p>\n\n\n\n<div class=\"wp-block-columns is-layout-flex wp-container-core-columns-is-layout-9d6595d7 wp-block-columns-is-layout-flex\">\n<div class=\"wp-block-column is-layout-flow wp-block-column-is-layout-flow\" style=\"flex-basis:66.66%\">\n<p class=\"has-medium-font-size\"><strong>Denny Ochaita<\/strong> is the son of a Guatemalan Father and Ecuadorian Mother who was born and raised in Chicago. This multi international upbringing provided him with the ability to adapt to his surroundings and scope out others\u2019 emotions around him. From an adolescent age, he knew he could feel others\u2019 energy, emotions, and motives. This ability led him on a journey of life experience and learning.&nbsp;<\/p>\n\n\n\n<p class=\"has-medium-font-size\">Once Denny had reached the age of 33, he experienced his spiritual awakening, which allowed his super empathic abilities to become more powerful and acknowledged . This experience generated insight into his own life and traumas which in turn gave him an understanding of how to help others. Just as he was able to help himself. Since then, he has focused on discovering the root cause of traumas and the triggering beliefs that we carry with us.<br><br>Denny\u2019s thirst for knowledge inspired him to seek out knowledge. With all of life\u2019s synchronicities and the universe pushing him forward in said direction, Denny found himself learning from high-level teachers and healers. He was chosen twice to be a hot seat recipient for the teachings of Abraham: Channeled by Esther Hicks. Denny also became a dedicated student and teacher of: The Teachings of Neville Goddard, and The Teachings of Bashar, Channeled by Darryl Anka.<br><br>He has since dug deeper and deeper into all aspects of healing and is currently not only a teacher, coach and mentor but has learned NLP, hypnosis, Reiki, holistic healing and has even been a part of 2 Kung Fu Grand Masters. Learning Northern style eagle claw by Grand Master Fu and was taught the Qigong energetic healing art by Grand Master Tsai. Now, Denny works to help those as an Spiritual therapist, Coach, intuitive health diagnostician, inspirational speaker and Quantum Healing Hypnotherapist (QHHT) Taught by Dolores Cannon.<br><br>As an inspirational speaker, for two years Denny was the talk show host of his own TV show \u201cEl Otro Lado de la Verdad.\u201d Here he introduced the Latino community to the concepts of defying conventional wisdom and offering solutions. He subsequently went on to guest host \u201cNoche Interacional\u201d with his own segment \u201cVida Saludable\u201d and became a regular guest on 1450 am Radio discussing how to cure chronic illnesses naturally.<br><br>Como coach de diagn\u00f3stico intuitivo de la salud, ha sido eficaz a la hora de liberar a las personas para que se curen de forma natural identificando la causa ra\u00edz y encontrando soluciones duraderas. Una vez identificadas las dolencias, puede dirigirles a los recursos y la informaci\u00f3n adecuados para que pueda comenzar la curaci\u00f3n. Ha ayudado con \u00e9xito a quienes han padecido enfermedades como artritis, fibromialgia, pr\u00f3stata inflamada, tumores de mama, trastornos neurol\u00f3gicos, diabetes, problemas digestivos y otros.<br><br><br>As a Spiritual therapist, Denny channels and connects deeply with his clients. Once he is able to gain a clear view of the issues and transitions at hand, he can transform them in order to empower the client. He becomes a spiritual mirror and works to transmute the burdens of depression, anxiety, relationship issues, low self-esteem, spiritual journey support, self-empowerment, internal struggles, negative thinking, manifestations, and lack of clarity into powerful tools to push you forward.<\/p>\n\n\n\n<p class=\"has-medium-font-size\">With all the knowledge Denny has accrued, this led him to synchronistically discover and learn the powerful healing art of Quantum Healing Hypnosis Technique (QHHT) taught by Dolores Cannon. (QHHT) is a powerful tool for accessing the subconscious mind and exploring past lives, higher self guidance, and deep-seated beliefs. Many individuals have reported profound experiences and transformative results following their (QHHT) sessions.<\/p>\n\n\n\n<p class=\"has-medium-font-size\">QHHT provides a unique opportunity for individuals to explore their inner world and gain a deeper understanding of themselves. This can lead to increased self-awareness, personal growth, and empowerment.<\/p>\n\n\n\n<p class=\"has-medium-font-size\">QHHT also allows individuals to access memories of past lives. These experiences can provide valuable insights into current life patterns, relationships, and challenges.<\/p>\n\n\n\n<p class=\"has-medium-font-size\">Healing and Transformation is also accomplished by accessing the Higher Self, QHHT can facilitate healing on physical, emotional, and spiritual levels. This can lead to profound transformation and a greater sense of well-being.<\/p>\n\n\n\n<p class=\"has-medium-font-size\">While in a QHHT session individuals connect with their Higher Self, guides, and spiritual aspects. This can lead to a deeper sense of purpose, meaning, and connection to the universe.<\/p>\n\n\n\n<p class=\"has-medium-font-size\">Denny now divides his time in Chicago and Quito, Ecuador offering his services to the public. Whether you are dealing with serious health issues, feel that you need support or a guide in goal setting and accountability, manifesting desired outcomes, or emotional and mental security, Denny Ochaita will be able to help.\u00a0<\/p>\n\n\n\n<p class=\"has-medium-font-size\"><strong>Espa\u00f1ol :<\/strong><br><\/p>\n\n\n\n<p class=\"has-medium-font-size\"><strong>Denny Ochaita<\/strong> es hijo de padre guatemalteco y madre ecuatoriana que naci\u00f3 y creci\u00f3 en Chicago. Esta educaci\u00f3n multi-cultural le brind\u00f3 la capacidad de adaptarse a su entorno y captar las emociones de los dem\u00e1s a su alrededor. Desde adolescente supo que pod\u00eda sentir la energ\u00eda, las emociones y los propositos de los dem\u00e1s. Esta habilidad lo llev\u00f3 a un viaje de experiencia de vida y aprendizaje.\u00a0<\/p>\n\n\n\n<p class=\"has-medium-font-size\">Una vez que Denny cumpli\u00f3 33 a\u00f1os, experiment\u00f3 su despertar espiritual, lo que permiti\u00f3 que sus habilidades s\u00faper emp\u00e1ticas se volvieran m\u00e1s poderosas y reconocidas. Esta experiencia gener\u00f3 una visi\u00f3n de su propia vida y sus traumas, lo que a su vez le permiti\u00f3 comprender c\u00f3mo ayudar a los dem\u00e1s. As\u00ed como \u00e9l pudo ayudarse a s\u00ed mismo. Desde entonces, se ha centrado en descubrir la causa fundamental de los traumas y las creencias determinantes en nuestra vida.<br><br>Denny tuvo un deseo fuerte de buscar m\u00e1s conocimiento. Con todas las sincronicidades de la vida y el universo empuj\u00e1ndolo hacia adelante en esa direcci\u00f3n, Denny se encontr\u00f3 aprendiendo de maestros y sanadores de alto nivel. Fue elegido dos veces para recibir el hot seat de las ense\u00f1anzas de Abraham: Canalizado por Esther Hicks. Denny tambi\u00e9n se convirti\u00f3 en un estudiante y maestro dedicado de: Las ense\u00f1anzas de Neville Goddard y Las ense\u00f1anzas de Bashar, canalizadas por Darryl Anka.<br><br>Desde entonces, ha profundizado cada vez m\u00e1s en todos los aspectos de la curaci\u00f3n y actualmente no solo es maestro, coach y mentor, sino que tambi\u00e9n ha aprendido PNL, hipnosis, Reiki, curaci\u00f3n hol\u00edstica e incluso tuvo 2 Grandes Maestros de Kung Fu. Aprend\u00ed Northen Style Eagle Claw con el Gran Maestro Fu y el Gran Maestro Tsai le ense\u00f1\u00f3 el arte curativo energ\u00e9tico Qigong.&nbsp; Ahora, Denny trabaja para ayudarlos como terapeuta espiritual, coach, diagnosticador de salud intuitiva, orador inspirador e hipnoterapeuta de curaci\u00f3n cu\u00e1ntica (QHHT) impartido por Dolores Cannon.<br><br>Como orador inspirador, durante dos a\u00f1os Denny fue el presentador de su propio programa de televisi\u00f3n \u201cEl Otro Lado de la Verdad\u201d. Aqu\u00ed present\u00f3 a la comunidad latina los conceptos de desafiar la sabidur\u00eda convencional y ofrecer soluciones. Posteriormente pas\u00f3 a ser presentador invitado de \u201cNoche Internacional\u201d con su propio segmento \u201cVida Saludable\u201d y se convirti\u00f3 en un invitado habitual en Radio 1450 am impartiendo ense\u00f1anzas de c\u00f3mo curar enfermedades cr\u00f3nicas de forma natural.<br><br>Como asesor intuitivo de diagn\u00f3stico de salud, ha sido eficaz a la hora de incentivar a las personas para que se curen a s\u00ed mismas de forma natural identificando la causa ra\u00edz y encontrando soluciones duraderas. Una vez identificadas las dolencias, puede dirigirlas a los recursos y la informaci\u00f3n adecuados para que pueda comenzar la curaci\u00f3n. Ayudando con \u00e9xito a quienes han sufrido enfermedades como artritis, fibromialgia, pr\u00f3stata inflamada, tumores de mama, trastornos neurol\u00f3gicos, diabetes, problemas digestivos y otros.<br><br><br>Como terapeuta espiritual, Denny canaliza y conecta profundamente con sus clientes. Una vez que sea capaz de obtener una visi\u00f3n clara de los problemas y los cambios en cuesti\u00f3n, podr\u00e1 transformarlos para empoderar al cliente. Se convierte en un espejo espiritual y trabaja para transmutar las cargas de la depresi\u00f3n, la ansiedad, los problemas de relaci\u00f3n, la baja autoestima, el apoyo en el viaje espiritual, el auto empoderamiento, las luchas internas, los pensamientos negativos, las manifestaciones y la falta de claridad en poderosas herramientas para ir hacia una vida mejor.<\/p>\n\n\n\n<p class=\"has-medium-font-size\">Con todo el conocimiento que Denny ha acumulado, esto lo llev\u00f3 a descubrir y aprender sincr\u00f3nicamente el poderoso arte curativo de hipnosis curativa cu\u00e1ntica (QHHT) impartido por Dolores Cannon. (QHHT) es una herramienta poderosa para acceder a la mente subconsciente y explorar vidas pasadas, autogu\u00eda superior y creencias profundamente arraigadas. Muchas personas han informado de experiencias profundas y resultados transformadores despu\u00e9s de sus sesiones (QHHT).<\/p>\n\n\n\n<p class=\"has-medium-font-size\">QHHT brinda una oportunidad \u00fanica para que las personas exploren su mundo interior y obtengan una comprensi\u00f3n m\u00e1s profunda de s\u00ed mismos. Esto puede conducir a una mayor autoconciencia, crecimiento personal y empoderamiento.&nbsp;<\/p>\n\n\n\n<p class=\"has-medium-font-size\">QHHT tambi\u00e9n permite a las personas acceder a recuerdos de vidas pasadas. Estas experiencias pueden proporcionar informaci\u00f3n valiosa sobre los patrones de vida, las relaciones y los desaf\u00edos actuales.<\/p>\n\n\n\n<p class=\"has-medium-font-size\">La curaci\u00f3n y la transformaci\u00f3n tambi\u00e9n son logrados al acceder al Ser Superior, QHHT puede facilitar la curaci\u00f3n a nivel f\u00edsico, emocional y espiritual. Esto puede conducir a una transformaci\u00f3n profunda y a una mayor sensaci\u00f3n de bienestar.<\/p>\n\n\n\n<p class=\"has-medium-font-size\">Mientras est\u00e1s en una sesi\u00f3n QHHT los individuos se conectan con su Ser Superior, sus gu\u00edas y sus aspectos espirituales. Esto puede conducir a un sentido m\u00e1s profundo de prop\u00f3sito, significado y conexi\u00f3n con el universo.<\/p>\n\n\n\n<p class=\"has-medium-font-size\">Denny ahora divide su tiempo entre Chicago y Quito,&nbsp; ofreciendo sus servicios al p\u00fablico. Ya sea que est\u00e9 lidiando con problemas de salud graves, sienta que necesita apoyo o una gu\u00eda para establecer objetivos y responsabilidad, manifestar los resultados deseados o seguridad emocional y mental, Denny Ochaita podr\u00e1 ayudarlo.&nbsp;<\/p>\n\n\n\n<p class=\"has-medium-font-size\"><strong>Contacto:<\/strong><\/p>\n\n\n\n<p class=\"has-medium-font-size\"><a href=\"http:\/\/www.puedosanar.com\">www.PuedoSanar.com<\/a><\/p>\n\n\n\n<p class=\"has-medium-font-size\"><a href=\"http:\/\/www.youcanhealnow.com\">www.YouCanHealNow.com<\/a><\/p>\n\n\n\n<p class=\"has-medium-font-size\">\u00a0<\/p>\n<\/div>\n\n\n\n<div class=\"wp-block-column is-layout-flow wp-block-column-is-layout-flow\" style=\"flex-basis:33.33%\">\n<figure class=\"wp-block-image size-full\"><img data-recalc-dims=\"1\" loading=\"lazy\" decoding=\"async\" width=\"1080\" height=\"1080\" src=\"https:\/\/i0.wp.com\/changeyourreality.org\/wp-content\/uploads\/2024\/05\/Denny-Ochaita-Spiritual-Therapist-Life-Coach.png?resize=1080%2C1080&#038;ssl=1\" alt=\"\" class=\"wp-image-449\" srcset=\"https:\/\/i0.wp.com\/changeyourreality.org\/wp-content\/uploads\/2024\/05\/Denny-Ochaita-Spiritual-Therapist-Life-Coach.png?w=1080&amp;ssl=1 1080w, https:\/\/i0.wp.com\/changeyourreality.org\/wp-content\/uploads\/2024\/05\/Denny-Ochaita-Spiritual-Therapist-Life-Coach.png?resize=300%2C300&amp;ssl=1 300w, https:\/\/i0.wp.com\/changeyourreality.org\/wp-content\/uploads\/2024\/05\/Denny-Ochaita-Spiritual-Therapist-Life-Coach.png?resize=1024%2C1024&amp;ssl=1 1024w, https:\/\/i0.wp.com\/changeyourreality.org\/wp-content\/uploads\/2024\/05\/Denny-Ochaita-Spiritual-Therapist-Life-Coach.png?resize=150%2C150&amp;ssl=1 150w, https:\/\/i0.wp.com\/changeyourreality.org\/wp-content\/uploads\/2024\/05\/Denny-Ochaita-Spiritual-Therapist-Life-Coach.png?resize=768%2C768&amp;ssl=1 768w, https:\/\/i0.wp.com\/changeyourreality.org\/wp-content\/uploads\/2024\/05\/Denny-Ochaita-Spiritual-Therapist-Life-Coach.png?resize=12%2C12&amp;ssl=1 12w, https:\/\/i0.wp.com\/changeyourreality.org\/wp-content\/uploads\/2024\/05\/Denny-Ochaita-Spiritual-Therapist-Life-Coach.png?resize=600%2C600&amp;ssl=1 600w\" sizes=\"auto, (max-width: 1000px) 100vw, 1000px\" \/><\/figure>\n<\/div>\n<\/div>\n\n\n\n<div class=\"wp-block-columns is-layout-flex wp-container-core-columns-is-layout-9d6595d7 wp-block-columns-is-layout-flex\">\n<div class=\"wp-block-column is-layout-flow wp-block-column-is-layout-flow\">\n<p class=\"has-medium-font-size\"><br><br><\/p>\n<\/div>\n<\/div>\n<\/div><\/div>\n<\/div>\n<\/div>\n<\/div><\/div>\n\n\n\n<p><\/p>\n\n\n\n<p><\/p>","protected":false},"excerpt":{"rendered":"<p>| My Story Denny Ochaita is the son of a Guatemalan Father and Ecuadorian Mother who was born and raised in Chicago. This multi international upbringing provided him with the&hellip;<\/p>","protected":false},"author":1,"featured_media":0,"parent":0,"menu_order":0,"comment_status":"closed","ping_status":"closed","template":"","meta":{"om_disable_all_campaigns":false,"_glsr_average":0,"_glsr_ranking":0,"_glsr_reviews":0,"footnotes":""},"class_list":["post-98","page","type-page","status-publish","hentry"],"yoast_head":"<!-- This site is optimized with the Yoast SEO plugin v27.3 - https:\/\/yoast.com\/product\/yoast-seo-wordpress\/ -->\n<title>Little More About Me. - Change your Reality<\/title>\n<meta name=\"description\" content=\"Discover how Denny Ochaita&#039;s spiritual awakening led him to become an emotional therapist, intuitive health diagnostic coach, and inspirational speaker.\" \/>\n<meta name=\"robots\" content=\"index, follow, max-snippet:-1, max-image-preview:large, max-video-preview:-1\" \/>\n<link rel=\"canonical\" href=\"https:\/\/changeyourreality.org\/es\/about-me\/\" \/>\n<meta property=\"og:locale\" content=\"es_ES\" \/>\n<meta property=\"og:type\" content=\"article\" \/>\n<meta property=\"og:title\" content=\"Little More About Me. - Change your Reality\" \/>\n<meta property=\"og:description\" content=\"Discover how Denny Ochaita&#039;s spiritual awakening led him to become an emotional therapist, intuitive health diagnostic coach, and inspirational speaker.\" \/>\n<meta property=\"og:url\" content=\"https:\/\/changeyourreality.org\/es\/about-me\/\" \/>\n<meta property=\"og:site_name\" content=\"Change your Reality\" \/>\n<meta property=\"article:modified_time\" content=\"2024-12-06T15:52:45+00:00\" \/>\n<meta property=\"og:image\" content=\"https:\/\/changeyourreality.org\/wp-content\/uploads\/2024\/05\/Denny-Ochaita-Spiritual-Therapist-Life-Coach.png\" \/>\n<meta name=\"twitter:card\" content=\"summary_large_image\" \/>\n<meta name=\"twitter:label1\" content=\"Tiempo de lectura\" \/>\n\t<meta name=\"twitter:data1\" content=\"8 minutos\" \/>\n<script type=\"application\/ld+json\" class=\"yoast-schema-graph\">{\"@context\":\"https:\\\/\\\/schema.org\",\"@graph\":[{\"@type\":\"WebPage\",\"@id\":\"https:\\\/\\\/changeyourreality.org\\\/about-me\\\/\",\"url\":\"https:\\\/\\\/changeyourreality.org\\\/about-me\\\/\",\"name\":\"Little More About Me. - Change your Reality\",\"isPartOf\":{\"@id\":\"https:\\\/\\\/changeyourreality.org\\\/#website\"},\"primaryImageOfPage\":{\"@id\":\"https:\\\/\\\/changeyourreality.org\\\/about-me\\\/#primaryimage\"},\"image\":{\"@id\":\"https:\\\/\\\/changeyourreality.org\\\/about-me\\\/#primaryimage\"},\"thumbnailUrl\":\"https:\\\/\\\/changeyourreality.org\\\/wp-content\\\/uploads\\\/2024\\\/05\\\/Denny-Ochaita-Spiritual-Therapist-Life-Coach.png\",\"datePublished\":\"2023-04-25T18:34:13+00:00\",\"dateModified\":\"2024-12-06T15:52:45+00:00\",\"description\":\"Discover how Denny Ochaita's spiritual awakening led him to become an emotional therapist, intuitive health diagnostic coach, and inspirational speaker.\",\"breadcrumb\":{\"@id\":\"https:\\\/\\\/changeyourreality.org\\\/about-me\\\/#breadcrumb\"},\"inLanguage\":\"es\",\"potentialAction\":[{\"@type\":\"ReadAction\",\"target\":[\"https:\\\/\\\/changeyourreality.org\\\/about-me\\\/\"]}]},{\"@type\":\"ImageObject\",\"inLanguage\":\"es\",\"@id\":\"https:\\\/\\\/changeyourreality.org\\\/about-me\\\/#primaryimage\",\"url\":\"https:\\\/\\\/changeyourreality.org\\\/wp-content\\\/uploads\\\/2024\\\/05\\\/Denny-Ochaita-Spiritual-Therapist-Life-Coach.png\",\"contentUrl\":\"https:\\\/\\\/changeyourreality.org\\\/wp-content\\\/uploads\\\/2024\\\/05\\\/Denny-Ochaita-Spiritual-Therapist-Life-Coach.png\"},{\"@type\":\"BreadcrumbList\",\"@id\":\"https:\\\/\\\/changeyourreality.org\\\/about-me\\\/#breadcrumb\",\"itemListElement\":[{\"@type\":\"ListItem\",\"position\":1,\"name\":\"Home\",\"item\":\"https:\\\/\\\/changeyourreality.org\\\/\"},{\"@type\":\"ListItem\",\"position\":2,\"name\":\"Little More About Me.\"}]},{\"@type\":\"WebSite\",\"@id\":\"https:\\\/\\\/changeyourreality.org\\\/#website\",\"url\":\"https:\\\/\\\/changeyourreality.org\\\/\",\"name\":\"Change your Reality\",\"description\":\"Your journey of transformation begins here\",\"publisher\":{\"@id\":\"https:\\\/\\\/changeyourreality.org\\\/#\\\/schema\\\/person\\\/51a504704fc2ec4fcac88703bec64d93\"},\"potentialAction\":[{\"@type\":\"SearchAction\",\"target\":{\"@type\":\"EntryPoint\",\"urlTemplate\":\"https:\\\/\\\/changeyourreality.org\\\/?s={search_term_string}\"},\"query-input\":{\"@type\":\"PropertyValueSpecification\",\"valueRequired\":true,\"valueName\":\"search_term_string\"}}],\"inLanguage\":\"es\"},{\"@type\":[\"Person\",\"Organization\"],\"@id\":\"https:\\\/\\\/changeyourreality.org\\\/#\\\/schema\\\/person\\\/51a504704fc2ec4fcac88703bec64d93\",\"name\":\"beartagencia\",\"image\":{\"@type\":\"ImageObject\",\"inLanguage\":\"es\",\"@id\":\"https:\\\/\\\/changeyourreality.org\\\/wp-content\\\/uploads\\\/2023\\\/04\\\/cropped-Black.png\",\"url\":\"https:\\\/\\\/changeyourreality.org\\\/wp-content\\\/uploads\\\/2023\\\/04\\\/cropped-Black.png\",\"contentUrl\":\"https:\\\/\\\/changeyourreality.org\\\/wp-content\\\/uploads\\\/2023\\\/04\\\/cropped-Black.png\",\"width\":1080,\"height\":1080,\"caption\":\"beartagencia\"},\"logo\":{\"@id\":\"https:\\\/\\\/changeyourreality.org\\\/wp-content\\\/uploads\\\/2023\\\/04\\\/cropped-Black.png\"},\"sameAs\":[\"https:\\\/\\\/changeyourreality.org\"]}]}<\/script>\n<!-- \/ Yoast SEO plugin. -->","yoast_head_json":{"title":"Little More About Me. - Change your Reality","description":"Discover how Denny Ochaita's spiritual awakening led him to become an emotional therapist, intuitive health diagnostic coach, and inspirational speaker.","robots":{"index":"index","follow":"follow","max-snippet":"max-snippet:-1","max-image-preview":"max-image-preview:large","max-video-preview":"max-video-preview:-1"},"canonical":"https:\/\/changeyourreality.org\/es\/about-me\/","og_locale":"es_ES","og_type":"article","og_title":"Little More About Me. - Change your Reality","og_description":"Discover how Denny Ochaita's spiritual awakening led him to become an emotional therapist, intuitive health diagnostic coach, and inspirational speaker.","og_url":"https:\/\/changeyourreality.org\/es\/about-me\/","og_site_name":"Change your Reality","article_modified_time":"2024-12-06T15:52:45+00:00","og_image":[{"url":"https:\/\/changeyourreality.org\/wp-content\/uploads\/2024\/05\/Denny-Ochaita-Spiritual-Therapist-Life-Coach.png","type":"","width":"","height":""}],"twitter_card":"summary_large_image","twitter_misc":{"Tiempo de lectura":"8 minutos"},"schema":{"@context":"https:\/\/schema.org","@graph":[{"@type":"WebPage","@id":"https:\/\/changeyourreality.org\/about-me\/","url":"https:\/\/changeyourreality.org\/about-me\/","name":"Little More About Me. - Change your Reality","isPartOf":{"@id":"https:\/\/changeyourreality.org\/#website"},"primaryImageOfPage":{"@id":"https:\/\/changeyourreality.org\/about-me\/#primaryimage"},"image":{"@id":"https:\/\/changeyourreality.org\/about-me\/#primaryimage"},"thumbnailUrl":"https:\/\/changeyourreality.org\/wp-content\/uploads\/2024\/05\/Denny-Ochaita-Spiritual-Therapist-Life-Coach.png","datePublished":"2023-04-25T18:34:13+00:00","dateModified":"2024-12-06T15:52:45+00:00","description":"Discover how Denny Ochaita's spiritual awakening led him to become an emotional therapist, intuitive health diagnostic coach, and inspirational speaker.","breadcrumb":{"@id":"https:\/\/changeyourreality.org\/about-me\/#breadcrumb"},"inLanguage":"es","potentialAction":[{"@type":"ReadAction","target":["https:\/\/changeyourreality.org\/about-me\/"]}]},{"@type":"ImageObject","inLanguage":"es","@id":"https:\/\/changeyourreality.org\/about-me\/#primaryimage","url":"https:\/\/changeyourreality.org\/wp-content\/uploads\/2024\/05\/Denny-Ochaita-Spiritual-Therapist-Life-Coach.png","contentUrl":"https:\/\/changeyourreality.org\/wp-content\/uploads\/2024\/05\/Denny-Ochaita-Spiritual-Therapist-Life-Coach.png"},{"@type":"BreadcrumbList","@id":"https:\/\/changeyourreality.org\/about-me\/#breadcrumb","itemListElement":[{"@type":"ListItem","position":1,"name":"Home","item":"https:\/\/changeyourreality.org\/"},{"@type":"ListItem","position":2,"name":"Little More About Me."}]},{"@type":"WebSite","@id":"https:\/\/changeyourreality.org\/#website","url":"https:\/\/changeyourreality.org\/","name":"Cambia tu Realidad","description":"Tu viaje de transformaci\u00f3n comienza aqu\u00ed","publisher":{"@id":"https:\/\/changeyourreality.org\/#\/schema\/person\/51a504704fc2ec4fcac88703bec64d93"},"potentialAction":[{"@type":"SearchAction","target":{"@type":"EntryPoint","urlTemplate":"https:\/\/changeyourreality.org\/?s={search_term_string}"},"query-input":{"@type":"PropertyValueSpecification","valueRequired":true,"valueName":"search_term_string"}}],"inLanguage":"es"},{"@type":["Person","Organization"],"@id":"https:\/\/changeyourreality.org\/#\/schema\/person\/51a504704fc2ec4fcac88703bec64d93","name":"beartagencia","image":{"@type":"ImageObject","inLanguage":"es","@id":"https:\/\/changeyourreality.org\/wp-content\/uploads\/2023\/04\/cropped-Black.png","url":"https:\/\/changeyourreality.org\/wp-content\/uploads\/2023\/04\/cropped-Black.png","contentUrl":"https:\/\/changeyourreality.org\/wp-content\/uploads\/2023\/04\/cropped-Black.png","width":1080,"height":1080,"caption":"beartagencia"},"logo":{"@id":"https:\/\/changeyourreality.org\/wp-content\/uploads\/2023\/04\/cropped-Black.png"},"sameAs":["https:\/\/changeyourreality.org"]}]}},"jetpack_sharing_enabled":true,"_links":{"self":[{"href":"https:\/\/changeyourreality.org\/es\/wp-json\/wp\/v2\/pages\/98","targetHints":{"allow":["GET"]}}],"collection":[{"href":"https:\/\/changeyourreality.org\/es\/wp-json\/wp\/v2\/pages"}],"about":[{"href":"https:\/\/changeyourreality.org\/es\/wp-json\/wp\/v2\/types\/page"}],"author":[{"embeddable":true,"href":"https:\/\/changeyourreality.org\/es\/wp-json\/wp\/v2\/users\/1"}],"replies":[{"embeddable":true,"href":"https:\/\/changeyourreality.org\/es\/wp-json\/wp\/v2\/comments?post=98"}],"version-history":[{"count":11,"href":"https:\/\/changeyourreality.org\/es\/wp-json\/wp\/v2\/pages\/98\/revisions"}],"predecessor-version":[{"id":466,"href":"https:\/\/changeyourreality.org\/es\/wp-json\/wp\/v2\/pages\/98\/revisions\/466"}],"wp:attachment":[{"href":"https:\/\/changeyourreality.org\/es\/wp-json\/wp\/v2\/media?parent=98"}],"curies":[{"name":"wp","href":"https:\/\/api.w.org\/{rel}","templated":true}]}}