{"id":118,"date":"2023-04-25T18:49:09","date_gmt":"2023-04-25T18:49:09","guid":{"rendered":"https:\/\/changeyourreality.org\/?page_id=118"},"modified":"2025-04-24T17:08:50","modified_gmt":"2025-04-24T17:08:50","slug":"therapy-services-offered","status":"publish","type":"page","link":"https:\/\/changeyourreality.org\/es\/therapy-services-offered\/","title":{"rendered":"Servicios ofrecidos"},"content":{"rendered":"<div class=\"wp-block-columns is-layout-flex wp-container-core-columns-is-layout-9d6595d7 wp-block-columns-is-layout-flex\">\n<div class=\"wp-block-column is-layout-flow wp-block-column-is-layout-flow\" style=\"flex-basis:33.33%\">\n<figure class=\"wp-block-image size-full\"><img data-recalc-dims=\"1\" loading=\"lazy\" decoding=\"async\" width=\"1000\" height=\"1000\" src=\"https:\/\/i0.wp.com\/changeyourreality.org\/wp-content\/uploads\/2023\/04\/4.png?resize=1000%2C1000&#038;ssl=1\" alt=\"\" class=\"wp-image-218\" srcset=\"https:\/\/i0.wp.com\/changeyourreality.org\/wp-content\/uploads\/2023\/04\/4.png?w=1000&amp;ssl=1 1000w, https:\/\/i0.wp.com\/changeyourreality.org\/wp-content\/uploads\/2023\/04\/4.png?resize=300%2C300&amp;ssl=1 300w, https:\/\/i0.wp.com\/changeyourreality.org\/wp-content\/uploads\/2023\/04\/4.png?resize=150%2C150&amp;ssl=1 150w, https:\/\/i0.wp.com\/changeyourreality.org\/wp-content\/uploads\/2023\/04\/4.png?resize=768%2C768&amp;ssl=1 768w, https:\/\/i0.wp.com\/changeyourreality.org\/wp-content\/uploads\/2023\/04\/4.png?resize=12%2C12&amp;ssl=1 12w, https:\/\/i0.wp.com\/changeyourreality.org\/wp-content\/uploads\/2023\/04\/4.png?resize=600%2C600&amp;ssl=1 600w\" sizes=\"auto, (max-width: 1000px) 100vw, 1000px\" \/><\/figure>\n<\/div>\n\n\n\n<div class=\"wp-block-column is-layout-flow wp-block-column-is-layout-flow\" style=\"flex-basis:66.66%\">\n<p class=\"has-ast-global-color-0-color has-text-color\" style=\"font-size:26px\"><br><strong>Asesoramiento<\/strong><\/p>\n\n\n\n<p class=\"has-medium-font-size\">\u00bfBusca asesoramiento?<br>El asesoramiento representa una forma de terapia conversacional que le permite discutir las cosas que est\u00e1n sucediendo dentro de su vida y dentro de su cabeza. Mientras ambos nos sentamos juntos y caminamos a trav\u00e9s de las cuestiones que est\u00e1n llegando en su vida, podemos abordar los problemas y trabajar nuestro camino a trav\u00e9s de ellos. Si usted sufre de:<\/p>\n\n\n\n<p class=\"has-medium-font-size\">- Depresi\u00f3n<br>- Traumatismos<br>- Ansiedad<br>- Problema interpersonal<br>- Problemas de relaci\u00f3n<br>- Autoestima negativa<br>- Inseguridad<br>- Luchas internas<br>- Estr\u00e9s<br>- Problemas mentales y emocionales... o te encuentras necesitando<br>- Ayuda al divorcio<br>- Ayuda para salir del estancamiento en su viaje espiritual<br>- Autonom\u00eda<br>- Autoconocimiento<br>- Pensamiento negativo, o Lucha por manifestar una vida ideal o falta de claridad.<\/p>\n\n\n\n<p class=\"has-medium-font-size\">...el asesoramiento podr\u00eda ser la respuesta para ti.<\/p>\n\n\n\n<p class=\"has-medium-font-size\"><strong>Duraci\u00f3n de la sesi\u00f3n<\/strong>: 50 min.<br><strong>Importe<\/strong>: $250<br>Planes de seguro no disponibles.<br>No se aceptan seguros m\u00e9dicos.<\/p>\n\n\n\n<div style=\"height:26px\" aria-hidden=\"true\" class=\"wp-block-spacer\"><\/div>\n\n\n\n<div class=\"wp-block-buttons is-layout-flex wp-block-buttons-is-layout-flex\">\n<div class=\"wp-block-button is-style-outline is-style-outline--1\"><a class=\"wp-block-button__link wp-element-button\" href=\"http:\/\/www.heal.me\/denny\">Programar una cita<\/a><\/div>\n<\/div>\n<\/div>\n<\/div>\n\n\n\n<div style=\"height:51px\" aria-hidden=\"true\" class=\"wp-block-spacer\"><\/div>\n\n\n\n<hr class=\"wp-block-separator has-alpha-channel-opacity is-style-wide\"\/>\n\n\n\n<div class=\"wp-block-columns is-layout-flex wp-container-core-columns-is-layout-9d6595d7 wp-block-columns-is-layout-flex\">\n<div class=\"wp-block-column is-layout-flow wp-block-column-is-layout-flow\" style=\"flex-basis:33.33%\">\n<figure class=\"wp-block-image size-full\"><img data-recalc-dims=\"1\" loading=\"lazy\" decoding=\"async\" width=\"1000\" height=\"1000\" src=\"https:\/\/i0.wp.com\/changeyourreality.org\/wp-content\/uploads\/2023\/04\/5.png?resize=1000%2C1000&#038;ssl=1\" alt=\"\" class=\"wp-image-219\" srcset=\"https:\/\/i0.wp.com\/changeyourreality.org\/wp-content\/uploads\/2023\/04\/5.png?w=1000&amp;ssl=1 1000w, https:\/\/i0.wp.com\/changeyourreality.org\/wp-content\/uploads\/2023\/04\/5.png?resize=300%2C300&amp;ssl=1 300w, https:\/\/i0.wp.com\/changeyourreality.org\/wp-content\/uploads\/2023\/04\/5.png?resize=150%2C150&amp;ssl=1 150w, https:\/\/i0.wp.com\/changeyourreality.org\/wp-content\/uploads\/2023\/04\/5.png?resize=768%2C768&amp;ssl=1 768w, https:\/\/i0.wp.com\/changeyourreality.org\/wp-content\/uploads\/2023\/04\/5.png?resize=12%2C12&amp;ssl=1 12w, https:\/\/i0.wp.com\/changeyourreality.org\/wp-content\/uploads\/2023\/04\/5.png?resize=600%2C600&amp;ssl=1 600w\" sizes=\"auto, (max-width: 1000px) 100vw, 1000px\" \/><\/figure>\n<\/div>\n\n\n\n<div class=\"wp-block-column is-layout-flow wp-block-column-is-layout-flow\" style=\"flex-basis:66.66%\">\n<p class=\"has-ast-global-color-0-color has-text-color\" style=\"font-size:26px\"><br>Quantum Healing Hypnosis (QHHT)<\/p>\n\n\n\n<p class=\"has-medium-font-size\">Looking for an instant life transformation?<\/p>\n\n\n\n<p class=\"has-medium-font-size\">Quantum Healing Hypnosis Technique (QHHT) is a powerful, life altering form of Hypnotherapy developed by Dolores Cannon. Resolve Trauma, Depression, Anxiety, Disease, and other Limitations in one session. A typical session takes 5 to 6 hours at the comfort of your own home or hotel.<\/p>\n\n\n\n<p class=\"has-medium-font-size\"><strong>Duraci\u00f3n de la sesi\u00f3n<\/strong>: 300 min.<br><strong>Importe<\/strong>: $550<br>Planes de seguro no disponibles.<br>No se aceptan seguros m\u00e9dicos.<\/p>\n\n\n\n<div style=\"height:21px\" aria-hidden=\"true\" class=\"wp-block-spacer\"><\/div>\n\n\n\n<div class=\"wp-block-buttons is-layout-flex wp-block-buttons-is-layout-flex\">\n<div class=\"wp-block-button is-style-outline is-style-outline--2\"><a class=\"wp-block-button__link wp-element-button\" href=\"https:\/\/www.youcanhealnow.com\">Programar una cita<\/a><\/div>\n<\/div>\n<\/div>\n<\/div>\n\n\n\n<div style=\"height:51px\" aria-hidden=\"true\" class=\"wp-block-spacer\"><\/div>\n\n\n\n<div style=\"height:51px\" aria-hidden=\"true\" class=\"wp-block-spacer\"><\/div>","protected":false},"excerpt":{"rendered":"<p>Counseling Is it counseling you are looking for?Counseling represents a form of talk therapy that allows you to discuss the things that are happening inside of your life and inside&hellip;<\/p>","protected":false},"author":1,"featured_media":0,"parent":0,"menu_order":0,"comment_status":"closed","ping_status":"closed","template":"","meta":{"om_disable_all_campaigns":false,"_glsr_average":0,"_glsr_ranking":0,"_glsr_reviews":0,"footnotes":""},"class_list":["post-118","page","type-page","status-publish","hentry"],"yoast_head":"<!-- This site is optimized with the Yoast SEO plugin v27.3 - https:\/\/yoast.com\/product\/yoast-seo-wordpress\/ -->\n<title>Services Offered - Change your Reality<\/title>\n<meta name=\"description\" content=\"Discover how counseling, coaching, health diagnostics, and energetic bodywork and alignment can help you overcome emotional, mental, and physical issues. Book a session today!\" \/>\n<meta name=\"robots\" content=\"index, follow, max-snippet:-1, max-image-preview:large, max-video-preview:-1\" \/>\n<link rel=\"canonical\" href=\"https:\/\/changeyourreality.org\/es\/therapy-services-offered\/\" \/>\n<meta property=\"og:locale\" content=\"es_ES\" \/>\n<meta property=\"og:type\" content=\"article\" \/>\n<meta property=\"og:title\" content=\"Services Offered - Change your Reality\" \/>\n<meta property=\"og:description\" content=\"Discover how counseling, coaching, health diagnostics, and energetic bodywork and alignment can help you overcome emotional, mental, and physical issues. Book a session today!\" \/>\n<meta property=\"og:url\" content=\"https:\/\/changeyourreality.org\/es\/therapy-services-offered\/\" \/>\n<meta property=\"og:site_name\" content=\"Change your Reality\" \/>\n<meta property=\"article:modified_time\" content=\"2025-04-24T17:08:50+00:00\" \/>\n<meta property=\"og:image\" content=\"https:\/\/changeyourreality.org\/wp-content\/uploads\/2023\/04\/4.png\" \/>\n<meta name=\"twitter:card\" content=\"summary_large_image\" \/>\n<meta name=\"twitter:label1\" content=\"Tiempo de lectura\" \/>\n\t<meta name=\"twitter:data1\" content=\"2 minutos\" \/>\n<script type=\"application\/ld+json\" class=\"yoast-schema-graph\">{\"@context\":\"https:\\\/\\\/schema.org\",\"@graph\":[{\"@type\":\"WebPage\",\"@id\":\"https:\\\/\\\/changeyourreality.org\\\/therapy-services-offered\\\/\",\"url\":\"https:\\\/\\\/changeyourreality.org\\\/therapy-services-offered\\\/\",\"name\":\"Services Offered - Change your Reality\",\"isPartOf\":{\"@id\":\"https:\\\/\\\/changeyourreality.org\\\/#website\"},\"primaryImageOfPage\":{\"@id\":\"https:\\\/\\\/changeyourreality.org\\\/therapy-services-offered\\\/#primaryimage\"},\"image\":{\"@id\":\"https:\\\/\\\/changeyourreality.org\\\/therapy-services-offered\\\/#primaryimage\"},\"thumbnailUrl\":\"https:\\\/\\\/changeyourreality.org\\\/wp-content\\\/uploads\\\/2023\\\/04\\\/4.png\",\"datePublished\":\"2023-04-25T18:49:09+00:00\",\"dateModified\":\"2025-04-24T17:08:50+00:00\",\"description\":\"Discover how counseling, coaching, health diagnostics, and energetic bodywork and alignment can help you overcome emotional, mental, and physical issues. Book a session today!\",\"breadcrumb\":{\"@id\":\"https:\\\/\\\/changeyourreality.org\\\/therapy-services-offered\\\/#breadcrumb\"},\"inLanguage\":\"es\",\"potentialAction\":[{\"@type\":\"ReadAction\",\"target\":[\"https:\\\/\\\/changeyourreality.org\\\/therapy-services-offered\\\/\"]}]},{\"@type\":\"ImageObject\",\"inLanguage\":\"es\",\"@id\":\"https:\\\/\\\/changeyourreality.org\\\/therapy-services-offered\\\/#primaryimage\",\"url\":\"https:\\\/\\\/changeyourreality.org\\\/wp-content\\\/uploads\\\/2023\\\/04\\\/4.png\",\"contentUrl\":\"https:\\\/\\\/changeyourreality.org\\\/wp-content\\\/uploads\\\/2023\\\/04\\\/4.png\"},{\"@type\":\"BreadcrumbList\",\"@id\":\"https:\\\/\\\/changeyourreality.org\\\/therapy-services-offered\\\/#breadcrumb\",\"itemListElement\":[{\"@type\":\"ListItem\",\"position\":1,\"name\":\"Home\",\"item\":\"https:\\\/\\\/changeyourreality.org\\\/\"},{\"@type\":\"ListItem\",\"position\":2,\"name\":\"Services Offered\"}]},{\"@type\":\"WebSite\",\"@id\":\"https:\\\/\\\/changeyourreality.org\\\/#website\",\"url\":\"https:\\\/\\\/changeyourreality.org\\\/\",\"name\":\"Change your Reality\",\"description\":\"Your journey of transformation begins here\",\"publisher\":{\"@id\":\"https:\\\/\\\/changeyourreality.org\\\/#\\\/schema\\\/person\\\/51a504704fc2ec4fcac88703bec64d93\"},\"potentialAction\":[{\"@type\":\"SearchAction\",\"target\":{\"@type\":\"EntryPoint\",\"urlTemplate\":\"https:\\\/\\\/changeyourreality.org\\\/?s={search_term_string}\"},\"query-input\":{\"@type\":\"PropertyValueSpecification\",\"valueRequired\":true,\"valueName\":\"search_term_string\"}}],\"inLanguage\":\"es\"},{\"@type\":[\"Person\",\"Organization\"],\"@id\":\"https:\\\/\\\/changeyourreality.org\\\/#\\\/schema\\\/person\\\/51a504704fc2ec4fcac88703bec64d93\",\"name\":\"beartagencia\",\"image\":{\"@type\":\"ImageObject\",\"inLanguage\":\"es\",\"@id\":\"https:\\\/\\\/changeyourreality.org\\\/wp-content\\\/uploads\\\/2023\\\/04\\\/cropped-Black.png\",\"url\":\"https:\\\/\\\/changeyourreality.org\\\/wp-content\\\/uploads\\\/2023\\\/04\\\/cropped-Black.png\",\"contentUrl\":\"https:\\\/\\\/changeyourreality.org\\\/wp-content\\\/uploads\\\/2023\\\/04\\\/cropped-Black.png\",\"width\":1080,\"height\":1080,\"caption\":\"beartagencia\"},\"logo\":{\"@id\":\"https:\\\/\\\/changeyourreality.org\\\/wp-content\\\/uploads\\\/2023\\\/04\\\/cropped-Black.png\"},\"sameAs\":[\"https:\\\/\\\/changeyourreality.org\"]}]}<\/script>\n<!-- \/ Yoast SEO plugin. -->","yoast_head_json":{"title":"Services Offered - Change your Reality","description":"Discover how counseling, coaching, health diagnostics, and energetic bodywork and alignment can help you overcome emotional, mental, and physical issues. Book a session today!","robots":{"index":"index","follow":"follow","max-snippet":"max-snippet:-1","max-image-preview":"max-image-preview:large","max-video-preview":"max-video-preview:-1"},"canonical":"https:\/\/changeyourreality.org\/es\/therapy-services-offered\/","og_locale":"es_ES","og_type":"article","og_title":"Services Offered - Change your Reality","og_description":"Discover how counseling, coaching, health diagnostics, and energetic bodywork and alignment can help you overcome emotional, mental, and physical issues. Book a session today!","og_url":"https:\/\/changeyourreality.org\/es\/therapy-services-offered\/","og_site_name":"Change your Reality","article_modified_time":"2025-04-24T17:08:50+00:00","og_image":[{"url":"https:\/\/changeyourreality.org\/wp-content\/uploads\/2023\/04\/4.png","type":"","width":"","height":""}],"twitter_card":"summary_large_image","twitter_misc":{"Tiempo de lectura":"2 minutos"},"schema":{"@context":"https:\/\/schema.org","@graph":[{"@type":"WebPage","@id":"https:\/\/changeyourreality.org\/therapy-services-offered\/","url":"https:\/\/changeyourreality.org\/therapy-services-offered\/","name":"Services Offered - Change your Reality","isPartOf":{"@id":"https:\/\/changeyourreality.org\/#website"},"primaryImageOfPage":{"@id":"https:\/\/changeyourreality.org\/therapy-services-offered\/#primaryimage"},"image":{"@id":"https:\/\/changeyourreality.org\/therapy-services-offered\/#primaryimage"},"thumbnailUrl":"https:\/\/changeyourreality.org\/wp-content\/uploads\/2023\/04\/4.png","datePublished":"2023-04-25T18:49:09+00:00","dateModified":"2025-04-24T17:08:50+00:00","description":"Discover how counseling, coaching, health diagnostics, and energetic bodywork and alignment can help you overcome emotional, mental, and physical issues. Book a session today!","breadcrumb":{"@id":"https:\/\/changeyourreality.org\/therapy-services-offered\/#breadcrumb"},"inLanguage":"es","potentialAction":[{"@type":"ReadAction","target":["https:\/\/changeyourreality.org\/therapy-services-offered\/"]}]},{"@type":"ImageObject","inLanguage":"es","@id":"https:\/\/changeyourreality.org\/therapy-services-offered\/#primaryimage","url":"https:\/\/changeyourreality.org\/wp-content\/uploads\/2023\/04\/4.png","contentUrl":"https:\/\/changeyourreality.org\/wp-content\/uploads\/2023\/04\/4.png"},{"@type":"BreadcrumbList","@id":"https:\/\/changeyourreality.org\/therapy-services-offered\/#breadcrumb","itemListElement":[{"@type":"ListItem","position":1,"name":"Home","item":"https:\/\/changeyourreality.org\/"},{"@type":"ListItem","position":2,"name":"Services Offered"}]},{"@type":"WebSite","@id":"https:\/\/changeyourreality.org\/#website","url":"https:\/\/changeyourreality.org\/","name":"Cambia tu Realidad","description":"Tu viaje de transformaci\u00f3n comienza aqu\u00ed","publisher":{"@id":"https:\/\/changeyourreality.org\/#\/schema\/person\/51a504704fc2ec4fcac88703bec64d93"},"potentialAction":[{"@type":"SearchAction","target":{"@type":"EntryPoint","urlTemplate":"https:\/\/changeyourreality.org\/?s={search_term_string}"},"query-input":{"@type":"PropertyValueSpecification","valueRequired":true,"valueName":"search_term_string"}}],"inLanguage":"es"},{"@type":["Person","Organization"],"@id":"https:\/\/changeyourreality.org\/#\/schema\/person\/51a504704fc2ec4fcac88703bec64d93","name":"beartagencia","image":{"@type":"ImageObject","inLanguage":"es","@id":"https:\/\/changeyourreality.org\/wp-content\/uploads\/2023\/04\/cropped-Black.png","url":"https:\/\/changeyourreality.org\/wp-content\/uploads\/2023\/04\/cropped-Black.png","contentUrl":"https:\/\/changeyourreality.org\/wp-content\/uploads\/2023\/04\/cropped-Black.png","width":1080,"height":1080,"caption":"beartagencia"},"logo":{"@id":"https:\/\/changeyourreality.org\/wp-content\/uploads\/2023\/04\/cropped-Black.png"},"sameAs":["https:\/\/changeyourreality.org"]}]}},"jetpack_sharing_enabled":true,"_links":{"self":[{"href":"https:\/\/changeyourreality.org\/es\/wp-json\/wp\/v2\/pages\/118","targetHints":{"allow":["GET"]}}],"collection":[{"href":"https:\/\/changeyourreality.org\/es\/wp-json\/wp\/v2\/pages"}],"about":[{"href":"https:\/\/changeyourreality.org\/es\/wp-json\/wp\/v2\/types\/page"}],"author":[{"embeddable":true,"href":"https:\/\/changeyourreality.org\/es\/wp-json\/wp\/v2\/users\/1"}],"replies":[{"embeddable":true,"href":"https:\/\/changeyourreality.org\/es\/wp-json\/wp\/v2\/comments?post=118"}],"version-history":[{"count":14,"href":"https:\/\/changeyourreality.org\/es\/wp-json\/wp\/v2\/pages\/118\/revisions"}],"predecessor-version":[{"id":472,"href":"https:\/\/changeyourreality.org\/es\/wp-json\/wp\/v2\/pages\/118\/revisions\/472"}],"wp:attachment":[{"href":"https:\/\/changeyourreality.org\/es\/wp-json\/wp\/v2\/media?parent=118"}],"curies":[{"name":"wp","href":"https:\/\/api.w.org\/{rel}","templated":true}]}}